{"id":5,"date":"2019-01-04T07:08:05","date_gmt":"2019-01-04T07:08:05","guid":{"rendered":"https:\/\/gloerfeld.eu\/?page_id=5"},"modified":"2019-01-04T07:08:05","modified_gmt":"2019-01-04T07:08:05","slug":"datenschutz","status":"publish","type":"page","link":"https:\/\/gloerfeld.eu\/?page_id=5","title":{"rendered":"Datenschutz"},"content":{"rendered":"\n<h3 class=\"wp-block-heading\">Welche Daten wir erheben und verarbeiten<\/h3>\n\n\n\n<p><strong>a) Vertragsdaten<\/strong><br>Wir erheben, verarbeiten und speichern die Daten, die Sie angeben, wenn Sie sich bei uns registrieren.<\/p>\n\n\n\n<p><strong>b) Daten, die Sie auf unseren Servern speichern<\/strong><br>Wir erheben, verarbeiten und speichern die Daten, die Sie selbst speichern, wenn Sie unsere Dienste nutzen. Dies umfasst die Herstellung von Sicherheitskopien in unseren Backup-Systemen.<\/p>\n\n\n\n<p><strong>c) Log-Daten<\/strong><br>Wenn Sie unsere Webseite besuchen oder unsere Dienste nutzen \u00fcbermittelt das Ger\u00e4t, mit dem Sie die Seite aufrufen, automatisch Log-Daten (Verbindungsdaten) an unsere Server. Das ist insbesondere der Fall, wenn Sie bestellen, wenn Sie sich einloggen oder wenn Sie Daten hoch- oder runterladen. Log-Daten werden von unseren Servern auch erfasst, wenn Besucher Ihre Webseiten aufrufen. Log-Daten enthalten die IP-Adresse des Ger\u00e4tes, mit dem Sie auf die Website oder einen Dienst zugreifen, die Art des Browsers, mit dem Sie zugreifen, die Webseite, die Sie zuvor besucht haben, Ihre Systemkonfiguration sowie Datum und Zeitangaben. Wir speichern IP-Adressen nur, soweit es zur Erbringung unserer Dienste erforderlich ist. Ansonsten werden die IP-Adressen gel\u00f6scht oder anonymisiert. Ihre IP-Adresse beim Besuch unserer Website und die IP-Adressen der Besucher Ihrer Webseiten speichern wir zur Erkennung und Abwehr von Angriffen maximal 7 Tage.<\/p>\n\n\n\n<h3 class=\"wp-block-heading\">Rechtsgrundlage der Verarbeitung<\/h3>\n\n\n\n<p>Wir verarbeiten und nutzen Ihre Daten, um den Vertrag durchzuf\u00fchren und unsere Dienste zu erbringen, um unsere Dienste und unsere Webseiten zu verbessern und an Ihren Bedarf anzupassen, um Updates und Upgrades bereitzustellen und um Ihnen Benachrichtigungen in Bezug auf den Dienst zukommen zu lassen, sowie Abrechnungen zu Erstellen und unsere Forderungen einzuziehen.<\/p>\n\n\n\n<p>Art. 6 I lit. a DS-GVO dient uns als Rechtsgrundlage f\u00fcr Verarbeitungsvorg\u00e4nge, bei denen wir eine Einwilligung f\u00fcr einen bestimmten Verarbeitungszweck einholen. Ist die Verarbeitung personenbezogener Daten zur Erf\u00fcllung eines Vertrags erforderlich, so beruht die Verarbeitung auf Art. 6 I lit. b DS-GVO. Gleiches gilt f\u00fcr solche Verarbeitungsvorg\u00e4nge die zur Durchf\u00fchrung vorvertraglicher Ma\u00dfnahmen erforderlich sind, etwa in F\u00e4llen von Anfragen zur unseren Produkten oder Leistungen. Unterliegen wir einer rechtlichen Verpflichtung durch welche eine Verarbeitung von personenbezogenen Daten erforderlich wird, wie beispielsweise zur Erf\u00fcllung steuerlicher Pflichten, so basiert die Verarbeitung auf Art. 6 I lit. c DS-GVO. Letztlich k\u00f6nnten Verarbeitungsvorg\u00e4nge auf Art. 6 I lit. f DS-GVO beruhen. Auf dieser Rechtsgrundlage basieren Verarbeitungsvorg\u00e4nge, die von keiner der vorgenannten Rechtsgrundlagen erfasst werden, wenn die Verarbeitung zur Wahrung unserer berechtigten Interessen oder die eines Dritten erforderlich ist, sofern die Interessen, Grundrechte und Grundfreiheiten des Betroffenen nicht \u00fcberwiegen. Solche Verarbeitungsvorg\u00e4nge sind uns insbesondere deshalb gestattet, weil sie durch den Europ\u00e4ischen Gesetzgeber besonders erw\u00e4hnt wurden. Ein berechtigtes Interesse ist in der Regel anzunehmen, wenn die betroffene Person ein Kunde des Verantwortlichen ist.<\/p>\n\n\n\n<p>Basiert die Verarbeitung personenbezogener Daten auf Artikel 6 I lit. f DS-GVO ist unser berechtigtes Interesse die Durchf\u00fchrung unserer Gesch\u00e4ftst\u00e4tigkeit.<\/p>\n\n\n\n<h3 class=\"wp-block-heading\">Kategorien von Empf\u00e4ngern<\/h3>\n\n\n\n<p><strong>Auftragsverarbeiter:<\/strong>Wir leiten verschiedene personenbezogene Daten als Verantwortliche im Rahmen einer Auftragsdatenverarbeitung an unsere Auftragsverarbeiter weiter. Die Sicherheit Ihrer Daten haben wir durch den Abschluss von Vereinbarungen zur Auftragdatenverarbeitung sichergestellt. Unsere Auftragsverarbeiter lassen sich in folgende Kategorien unterteilen:<\/p>\n\n\n\n<ul class=\"wp-block-list\"><li>Erbringung von Dienstleistungen: Hierzu geh\u00f6rt die Datentr\u00e4gervernichtung<\/li><li>Betrieb von Diensten, Wartung und Pflege von Hard- und Software<\/li><\/ul>\n\n\n\n<p>Wir geben Daten nur nach Ma\u00dfgabe der gesetzlichen Vorschriften oder eines gerichtlichen Titels an Beh\u00f6rden und Dritte heraus. Ausk\u00fcnfte an Beh\u00f6rden k\u00f6nnen aufgrund einer gesetzlichen Vorschrift zur Gefahrenabwehr oder zur Strafverfolgung erteilt werden. Dritte erhalten nur Ausk\u00fcnfte, wenn eine gesetzliche Vorschrift dies vorsieht. Dies kann z. B. bei Urheberrechtsverletzungen der Fall sein.<\/p>\n\n\n\n<h3 class=\"wp-block-heading\">Daten\u00fcbermittlung in Drittl\u00e4nder<\/h3>\n\n\n\n<p>Daten\u00fcbermittlung in Drittl\u00e4nder findet nicht statt.<\/p>\n\n\n\n<h3 class=\"wp-block-heading\">Dauer der Speicherung<\/h3>\n\n\n\n<p>Wir verarbeiten und speichern personenbezogene Daten nur f\u00fcr den Zeitraum, der zur Erreichung des Speicherungszwecks erforderlich ist oder sofern dies gesetzlich vorgeschrieben wurde. In der Regel ist der Verarbeitungszweck mit Beendigung Ihres Vertrages erreicht.<\/p>\n\n\n\n<p>Daten, die Sie in unseren Diensten speichern, k\u00f6nnen Sie selbst \u00e4ndern und l\u00f6schen. Nach Vertragsbeendigung l\u00f6schen wir die in den Diensten gespeicherten Daten.<\/p>\n\n\n\n<p>Sicherheitskopien in unseren Backup-Systemen werden automatisch mit Zeitverz\u00f6gerung gel\u00f6scht. F\u00fcr Vertragsdaten wird die Verarbeitung nach Vertragsbeendigung eingeschr\u00e4nkt, nach Ablauf der gesetzlichen Aufbewahrungsfrist werden sie gel\u00f6scht.<\/p>\n\n\n\n<h3 class=\"wp-block-heading\">Ihre Rechte<\/h3>\n\n\n\n<p><strong>a) Auskunfts- und Best\u00e4tigungsrecht<\/strong><br>Sie haben das Recht, jederzeit von uns unentgeltliche Auskunft sowie Best\u00e4tigung \u00fcber die zu Ihrer Person gespeicherten personenbezogenen Daten und eine Kopie dieser Auskunft zu erhalten.<\/p>\n\n\n\n<p><strong>b) Berichtigungsrecht<\/strong><br>Sie haben das Recht, die unverz\u00fcgliche Berichtigung Sie betreffender unrichtiger personenbezogener Daten zu verlangen. Ferner steht Ihnen das Recht zu, unter Ber\u00fccksichtigung der Zwecke der Verarbeitung, die Vervollst\u00e4ndigung unvollst\u00e4ndiger personenbezogener Daten \u2014 auch mittels einer erg\u00e4nzenden Erkl\u00e4rung \u2014 zu verlangen.<\/p>\n\n\n\n<p><strong>c) L\u00f6schungsrechte<\/strong><br>Sie haben das Recht, dass die sie betreffenden personenbezogenen Daten unverz\u00fcglich gel\u00f6scht werden, sofern einer der folgenden Gr\u00fcnde zutrifft und soweit die Verarbeitung nicht erforderlich ist:<\/p>\n\n\n\n<ul class=\"wp-block-list\"><li>Die personenbezogenen Daten wurden f\u00fcr solche Zwecke erhoben oder auf sonstige Weise verarbeitet, f\u00fcr welche sie nicht mehr notwendig sind.<\/li><li>Sie widerrufen ihre Einwilligung, auf die sich die Verarbeitung st\u00fctzte und es fehlt an einer anderweitigen Rechtsgrundlage f\u00fcr die Verarbeitung.<\/li><li>Sie legen gem\u00e4\u00df Art. 21 Abs. 1 DS-GVO Widerspruch gegen die Verarbeitung ein, und es liegen keine vorrangigen berechtigten Gr\u00fcnde f\u00fcr die Verarbeitung vor, oder Sie legen gem\u00e4\u00df Art. 21 Abs. 2 DS-GVO Widerspruch gegen die Verarbeitung ein.<\/li><li>Die personenbezogenen Daten wurden unrechtm\u00e4\u00dfig verarbeitet.<\/li><li>Die L\u00f6schung der personenbezogenen Daten ist zur Erf\u00fcllung einer rechtlichen Verpflichtung nach dem Unionsrecht oder dem Recht der Mitgliedstaaten erforderlich, dem wir unterliegen.<\/li><li>Die personenbezogenen Daten wurden in Bezug auf angebotene Dienste der Informationsgesellschaft gem\u00e4\u00df Art. 8 Abs. 1 DS-GVO erhoben.<\/li><\/ul>\n\n\n\n<p><strong>d) Recht auf Einschr\u00e4nkung der Verarbeitung<\/strong><br>Sie haben das Recht die Einschr\u00e4nkung der Verarbeitung zu verlangen, wenn eine der folgenden Voraussetzungen gegeben ist:<\/p>\n\n\n\n<ul class=\"wp-block-list\"><li>Die Richtigkeit der personenbezogenen Daten wird von Ihnen bestritten, und zwar f\u00fcr eine Dauer, die es uns erm\u00f6glicht, die Richtigkeit der personenbezogenen Daten zu \u00fcberpr\u00fcfen.<\/li><li>Die Verarbeitung ist unrechtm\u00e4\u00dfig, Sie lehnen die L\u00f6schung der personenbezogenen Daten ab und verlangen stattdessen die Einschr\u00e4nkung der Nutzung der personenbezogenen Daten.<\/li><li>Wir ben\u00f6tigen die personenbezogenen Daten f\u00fcr die Zwecke der Verarbeitung nicht l\u00e4nger, Sie ben\u00f6tigen sie jedoch zur Geltendmachung, Aus\u00fcbung oder Verteidigung von Rechtsanspr\u00fcchen.<\/li><li>Sie haben Widerspruch gegen die Verarbeitung gem. Art. 21 Abs. 1 DS-GVO eingelegt und es steht noch nicht fest, ob unsere berechtigten Gr\u00fcnde gegen\u00fcber Ihren \u00fcberwiegen.<\/li><\/ul>\n\n\n\n<p><strong>e) Widerspruchsrechte gegen die Verarbeitung<\/strong><br>Sie haben das Recht, jederzeit gegen die Verarbeitung Sie betreffender personenbezogener Daten, die aufgrund von Art. 6 Abs. 1 Buchstaben e oder f DS-GVO erfolgt, Widerspruch einzulegen.<br>Wir verarbeiten die personenbezogenen Daten im Falle des Widerspruchs nicht mehr, es sei denn, wir k\u00f6nnen zwingende schutzw\u00fcrdige Gr\u00fcnde f\u00fcr die Verarbeitung nachweisen, die gegen\u00fcber Ihren Interessen, Rechten und Freiheiten \u00fcberwiegen, oder die Verarbeitung dient der Geltendmachung, Aus\u00fcbung oder Verteidigung von Rechtsanspr\u00fcchen.<br>Sie haben das Recht, jederzeit Widerspruch gegen die Verarbeitung der personenbezogenen Daten zum Zwecke von Direktwerbung einzulegen.<\/p>\n\n\n\n<p><strong>f) Recht auf Daten\u00fcbertragbarkeit<\/strong><br>Sie haben das Recht, die sie betreffenden personenbezogenen Daten, welche uns bereitgestellt wurden, in einem strukturierten, g\u00e4ngigem und maschinenlesbarem Format zu erhalten. Sie haben au\u00dferdem das Recht, diese Daten einem anderen Verantwortlichen ohne Behinderung durch uns, zu \u00fcbermitteln, sofern die Verarbeitung auf der Einwilligung gem\u00e4\u00df Art. 6 Abs. 1 Buchstabe a DS-GVO oder Art. 9 Abs. 2 Buchstabe a DS-GVO oder auf einem Vertrag gem\u00e4\u00df Art. 6 Abs. 1 Buchstabe b DS-GVO beruht und die Verarbeitung mithilfe automatisierter Verfahren erfolgt, sofern die Verarbeitung nicht f\u00fcr die Wahrnehmung einer Aufgabe erforderlich ist, die im \u00f6ffentlichen Interesse liegt oder in Aus\u00fcbung \u00f6ffentlicher Gewalt erfolgt, welche dem Verantwortlichen \u00fcbertragen wurde.<br>Ferner haben Sie bei der Aus\u00fcbung ihres Rechts auf Daten\u00fcbertragbarkeit gem\u00e4\u00df Art. 20 Abs. 1 DS-GVO das Recht, zu erwirken, dass die personenbezogenen Daten direkt von einem Verantwortlichen an einen anderen Verantwortlichen \u00fcbermittelt werden, soweit dies technisch machbar ist und sofern hiervon nicht die Rechte und Freiheiten anderer Personen beeintr\u00e4chtigt werden.<\/p>\n\n\n\n<p><strong>g) Recht auf Widerruf einer datenschutzrechtlichen Einwilligung<\/strong><br>Sie haben das Recht die Einwilligung zur Verarbeitung personenbezogener Daten jederzeit zu widerrufen.<\/p>\n\n\n\n<p><strong>h) Beschwerderecht bei der Aufsichtsbeh\u00f6rde<\/strong><br>Sie haben das Recht sich jederzeit an eine Aufsichtsbeh\u00f6rde in dem Mitgliedstaat Ihres Aufenthaltsortes oder Arbeitsplatzes oder des mutma\u00dflichen Versto\u00dfes zu wenden, wenn Sie der Ansicht sind, dass die Verarbeitung der Sie betreffenden personenbezogenen Daten gegen die EU-Datenschutzgrundverordnung verst\u00f6\u00dft.<\/p>\n","protected":false},"excerpt":{"rendered":"<p>Welche Daten wir erheben und verarbeiten a) VertragsdatenWir erheben, verarbeiten und speichern die Daten, die Sie angeben, wenn Sie sich bei uns registrieren. b) Daten, die Sie auf unseren Servern speichernWir erheben, verarbeiten und speichern die Daten, die Sie selbst speichern, wenn Sie unsere Dienste nutzen. Dies umfasst die Herstellung von Sicherheitskopien in unseren Backup-Systemen. [&hellip;]<\/p>\n","protected":false},"author":1,"featured_media":0,"parent":0,"menu_order":0,"comment_status":"closed","ping_status":"closed","template":"","meta":{"footnotes":""},"class_list":["post-5","page","type-page","status-publish","hentry","missing-thumbnail"],"_links":{"self":[{"href":"https:\/\/gloerfeld.eu\/index.php?rest_route=\/wp\/v2\/pages\/5","targetHints":{"allow":["GET"]}}],"collection":[{"href":"https:\/\/gloerfeld.eu\/index.php?rest_route=\/wp\/v2\/pages"}],"about":[{"href":"https:\/\/gloerfeld.eu\/index.php?rest_route=\/wp\/v2\/types\/page"}],"author":[{"embeddable":true,"href":"https:\/\/gloerfeld.eu\/index.php?rest_route=\/wp\/v2\/users\/1"}],"replies":[{"embeddable":true,"href":"https:\/\/gloerfeld.eu\/index.php?rest_route=%2Fwp%2Fv2%2Fcomments&post=5"}],"version-history":[{"count":1,"href":"https:\/\/gloerfeld.eu\/index.php?rest_route=\/wp\/v2\/pages\/5\/revisions"}],"predecessor-version":[{"id":6,"href":"https:\/\/gloerfeld.eu\/index.php?rest_route=\/wp\/v2\/pages\/5\/revisions\/6"}],"wp:attachment":[{"href":"https:\/\/gloerfeld.eu\/index.php?rest_route=%2Fwp%2Fv2%2Fmedia&parent=5"}],"curies":[{"name":"wp","href":"https:\/\/api.w.org\/{rel}","templated":true}]}}