{"id":17,"date":"2019-12-22T21:06:04","date_gmt":"2019-12-22T20:06:04","guid":{"rendered":"https:\/\/gloerfeld.eu\/?page_id=17"},"modified":"2025-09-24T12:01:57","modified_gmt":"2025-09-24T10:01:57","slug":"unsere-leistungen","status":"publish","type":"page","link":"https:\/\/gloerfeld.eu\/","title":{"rendered":"Unsere Leistungen"},"content":{"rendered":"\n<p>Wir k\u00f6nnen in vielen Bereichen der IKT mit ihnen Antworten auf ihre Herausforderungen in der digitalisierten Welt erarbeiten. Die Herausforderungen sind vielf\u00e4ltig und f\u00fcr jedes Unternehmen verschiedenartig. <\/p>\n\n\n\n<ul class=\"wp-block-list\">\n<li>Netzwerkinfrastruktur<\/li>\n\n\n\n<li>Datacenterinfrastruktur<\/li>\n\n\n\n<li>Intranet\/Extranet\/Internet<\/li>\n\n\n\n<li>Voice over IP<\/li>\n\n\n\n<li>Video over IP<\/li>\n\n\n\n<li>Data over IP<\/li>\n\n\n\n<li>Socialnetwork<\/li>\n\n\n\n<li>ITIL <\/li>\n\n\n\n<li>Sicherheitsaudit<\/li>\n\n\n\n<li>BSI Grundschutz<\/li>\n\n\n\n<li>ISO27001<\/li>\n\n\n\n<li>DSGVO &#8211; Extremer Datenschutzbeauftragter<\/li>\n\n\n\n<li>&#8230;<\/li>\n<\/ul>\n\n\n\n<div class=\"wp-block-columns is-layout-flex wp-container-core-columns-is-layout-9d6595d7 wp-block-columns-is-layout-flex\">\n<div class=\"wp-block-column is-layout-flow wp-block-column-is-layout-flow\">\n<p>Wenn sie in einem oder mehreren dieser Bereiche Ver\u00e4nderung suchen oder die Frage der Ver\u00e4nderung beantworten wollen, k\u00f6nnen wir mit unsere langj\u00e4hrigen Expertise die notwendige Unterst\u00fctzung bieten. <\/p>\n<\/div>\n\n\n\n<div class=\"wp-block-column is-layout-flow wp-block-column-is-layout-flow\">\n<p>Wir bieten Hersteller- und Systemhaus- unabh\u00e4ngige Beratung so das sie ihren richtigen Weg durch das Dickicht der organisatorischen und technischen Herausforderungen finden.<\/p>\n<\/div>\n<\/div>\n","protected":false},"excerpt":{"rendered":"<p>Wir k\u00f6nnen in vielen Bereichen der IKT mit ihnen Antworten auf ihre Herausforderungen in der digitalisierten Welt erarbeiten. Die Herausforderungen sind vielf\u00e4ltig und f\u00fcr jedes Unternehmen verschiedenartig. Wenn sie in einem oder mehreren dieser Bereiche Ver\u00e4nderung suchen oder die Frage der Ver\u00e4nderung beantworten wollen, k\u00f6nnen wir mit unsere langj\u00e4hrigen Expertise die notwendige Unterst\u00fctzung bieten. Wir [&hellip;]<\/p>\n","protected":false},"author":1,"featured_media":0,"parent":0,"menu_order":0,"comment_status":"closed","ping_status":"closed","template":"","meta":{"footnotes":""},"class_list":["post-17","page","type-page","status-publish","hentry","missing-thumbnail"],"_links":{"self":[{"href":"https:\/\/gloerfeld.eu\/index.php?rest_route=\/wp\/v2\/pages\/17","targetHints":{"allow":["GET"]}}],"collection":[{"href":"https:\/\/gloerfeld.eu\/index.php?rest_route=\/wp\/v2\/pages"}],"about":[{"href":"https:\/\/gloerfeld.eu\/index.php?rest_route=\/wp\/v2\/types\/page"}],"author":[{"embeddable":true,"href":"https:\/\/gloerfeld.eu\/index.php?rest_route=\/wp\/v2\/users\/1"}],"replies":[{"embeddable":true,"href":"https:\/\/gloerfeld.eu\/index.php?rest_route=%2Fwp%2Fv2%2Fcomments&post=17"}],"version-history":[{"count":6,"href":"https:\/\/gloerfeld.eu\/index.php?rest_route=\/wp\/v2\/pages\/17\/revisions"}],"predecessor-version":[{"id":128,"href":"https:\/\/gloerfeld.eu\/index.php?rest_route=\/wp\/v2\/pages\/17\/revisions\/128"}],"wp:attachment":[{"href":"https:\/\/gloerfeld.eu\/index.php?rest_route=%2Fwp%2Fv2%2Fmedia&parent=17"}],"curies":[{"name":"wp","href":"https:\/\/api.w.org\/{rel}","templated":true}]}}