{"id":13,"date":"2019-01-04T21:56:43","date_gmt":"2019-01-04T20:56:43","guid":{"rendered":"https:\/\/gloerfeld.eu\/?page_id=13"},"modified":"2020-01-03T13:06:02","modified_gmt":"2020-01-03T12:06:02","slug":"beratung-brauch-fragen","status":"publish","type":"page","link":"https:\/\/gloerfeld.eu\/?page_id=13","title":{"rendered":"Beratung brauch Fragen"},"content":{"rendered":"\n<div class=\"wp-block-columns is-layout-flex wp-container-core-columns-is-layout-9d6595d7 wp-block-columns-is-layout-flex\">\n<div class=\"wp-block-column is-layout-flow wp-block-column-is-layout-flow\">\n<p>Wenn wir nicht Fragen, gibt es auch keine Antworten.<\/p>\n\n\n\n<p>Wir helfen ihnen dabei ihre Fragen zu formulieren. <\/p>\n<\/div>\n\n\n\n<div class=\"wp-block-column is-layout-flow wp-block-column-is-layout-flow\">\n<p>Danach k\u00f6nnen wir gemeinsam L\u00f6sungen f\u00fcr diese Fragen erarbeiten. <\/p>\n\n\n\n<p>Es sind individuelle L\u00f6sungen zu ihren individuellen Fragen.<\/p>\n<\/div>\n<\/div>\n\n\n\n<p><\/p>\n","protected":false},"excerpt":{"rendered":"<p>Wenn wir nicht Fragen, gibt es auch keine Antworten. Wir helfen ihnen dabei ihre Fragen zu formulieren. Danach k\u00f6nnen wir gemeinsam L\u00f6sungen f\u00fcr diese Fragen erarbeiten. Es sind individuelle L\u00f6sungen zu ihren individuellen Fragen.<\/p>\n","protected":false},"author":1,"featured_media":0,"parent":0,"menu_order":0,"comment_status":"closed","ping_status":"closed","template":"","meta":{"footnotes":""},"class_list":["post-13","page","type-page","status-publish","hentry","missing-thumbnail"],"_links":{"self":[{"href":"https:\/\/gloerfeld.eu\/index.php?rest_route=\/wp\/v2\/pages\/13","targetHints":{"allow":["GET"]}}],"collection":[{"href":"https:\/\/gloerfeld.eu\/index.php?rest_route=\/wp\/v2\/pages"}],"about":[{"href":"https:\/\/gloerfeld.eu\/index.php?rest_route=\/wp\/v2\/types\/page"}],"author":[{"embeddable":true,"href":"https:\/\/gloerfeld.eu\/index.php?rest_route=\/wp\/v2\/users\/1"}],"replies":[{"embeddable":true,"href":"https:\/\/gloerfeld.eu\/index.php?rest_route=%2Fwp%2Fv2%2Fcomments&post=13"}],"version-history":[{"count":3,"href":"https:\/\/gloerfeld.eu\/index.php?rest_route=\/wp\/v2\/pages\/13\/revisions"}],"predecessor-version":[{"id":40,"href":"https:\/\/gloerfeld.eu\/index.php?rest_route=\/wp\/v2\/pages\/13\/revisions\/40"}],"wp:attachment":[{"href":"https:\/\/gloerfeld.eu\/index.php?rest_route=%2Fwp%2Fv2%2Fmedia&parent=13"}],"curies":[{"name":"wp","href":"https:\/\/api.w.org\/{rel}","templated":true}]}}